{"id":2034,"date":"2025-06-06T17:39:14","date_gmt":"2025-06-06T15:39:14","guid":{"rendered":"https:\/\/pierre-risch.com\/?page_id=2034"},"modified":"2025-06-10T17:58:15","modified_gmt":"2025-06-10T15:58:15","slug":"pierre-risch","status":"publish","type":"page","link":"https:\/\/pierre-risch.com\/index.php\/pierre-risch\/","title":{"rendered":"Pierre Risch"},"content":{"rendered":"[vc_row][vc_column][vc_column_text]\n<p><em><br \/><em><br \/><a href=\"http:\/\/pierre-risch.com\/index.php\/youtube\/\">Youtube <\/a>\u00a0\u00a0\u00a0\u00a0\u00a0\u00a0\u00a0\u00a0\u00a0\u00a0<a href=\"http:\/\/pierre-risch.com\/index.php\/Contact\">Contact<\/a>\u00a0\u00a0\u00a0\u00a0\u00a0\u00a0\u00a0\u00a0\u00a0\u00a0 <a href=\"http:\/\/pierre-risch.com\/index.php\/pierre-risch\/ \">Pierre Risch<\/a>\u00a0\u00a0\u00a0\u00a0\u00a0\u00a0\u00a0\u00a0\u00a0\u00a0 <a href=\"http:\/\/pierre-risch.com\/index.php\/panier\">Panier<\/a>\u00a0\u00a0\u00a0\u00a0\u00a0\u00a0\u00a0\u00a0\u00a0\u00a0 <a href=\"http:\/\/pierre-risch.com\/\">Hello<\/a>\u00a0\u00a0\u00a0\u00a0\u00a0\u00a0\u00a0\u00a0\u00a0\u00a0<\/em>\u00a0\u00a0\u00a0\u00a0\u00a0\u00a0<\/em><\/p>\n<h4><br \/><\/h4>\n<h4 class=\"wp-block-heading\"><span style=\"color: #0000ff;\"><strong><em>Pierre<\/em> <em>Risch is a painter and sculptor with a singular approach.<\/em><\/strong><\/span><\/h4>\n<h4><span style=\"color: #0000ff;\"><strong><em>This devil of man knows how to do everything, by himself he is an encyclopedia of the Arts of the hand .\u00a0<\/em><\/strong><\/span><\/h4>\n<h4><strong><em><span style=\"color: #3366ff;\">Virtuoso of watercolour, he is also the master of pastel. For more than half a century, Pierre Risch has renovated, revitalized and reinvented these two poor relatives of art by giving them back their letters of nobility.\u00a0<\/span><\/em><\/strong><\/h4>\n<h4><strong><em><span style=\"color: #3366ff;\">With equal happiness he practices the art of stone lithograph, engraving and sculpture.<\/span><\/em><\/strong><\/h4>\n<h4><strong><em><span style=\"color: #3366ff;\">In the field of design Pierre Risch regularly collaborates with large luxury houses.\u00a0<\/span><\/em><\/strong><\/h4>\n<h4><strong><em><span style=\"color: #3366ff;\">With gouaille, passion, tenderness, indignation, fun, he entrusts us through his works the incisive and interior look of an authentic artist<\/span><\/em><\/strong><\/h4>\n<h4><strong><em><span style=\"color: #3366ff;\">He is referred to the B\u00e9n\u00e9zit , wikipedia and made a Knight of the Arts and Letters.<\/span><\/em><\/strong><\/h4>\n<h2>\ud83d\ude42<\/h2>\n<h4 class=\"wp-block-heading\"><span style=\"color: #003366;\"><strong>Pierre Risch est un artiste peintre et sculpteur \u00e0 la d\u00e9marche singuli\u00e8re.<br \/>Ce diable d\u2019homme sait tout faire, \u00e0 lui tout seul il est une encyclop\u00e9die des Arts de la main .\u00a0 <\/strong><\/span><\/h4>\n<br \/>\n<h4 class=\"wp-block-heading\"><span style=\"color: #003366;\"><strong>Virtuose de l\u2019aquarelle, il est aussi le Ma\u00eetre du pastel. Pendant plus d&#8217;un demi-si\u00e8cle Pierre Risch a r\u00e9nov\u00e9, revivifi\u00e9, r\u00e9invent\u00e9 ces deux parents pauvres de l\u2019art en leur rendant leurs lettres de noblesse.\u00a0 <\/strong><\/span><\/h4>\n<br \/>\n<h4 class=\"wp-block-heading\"><span style=\"color: #003366;\"><strong>Avec un \u00e9gal bonheur il pratique l\u2019art de la lithographe sur pierre, de la gravure et de la sculpture.<br \/>Dans le domaine du design Pierre Risch collabore r\u00e9guli\u00e8rement avec de grandes maisons de luxe.\u00a0<\/strong><\/span><\/h4>\n<br \/>\n<h4 class=\"wp-block-heading\"><span style=\"color: #003366;\"><strong>Avec gouaille, passion, tendresse, indignation, dr\u00f4lerie, il nous confie au fil de ses \u0153uvres le regard incisif et int\u00e9rieur d\u2019un artiste authentique<\/strong><\/span><\/h4>\n<br \/>\n<h4 class=\"wp-block-heading\"><span style=\"color: #003366;\"><strong>Il est r\u00e9f\u00e9renc\u00e9 au B\u00e9n\u00e9zit , wikipedia et fait Chevalier des Arts et des Lettres.<\/strong><\/span><\/h4>\n\n<p>&#8212;&#8211;<strong><span style=\"color: #ff00ff;\">\u00a0 \u00a0<\/span><\/strong><\/p>\n<p>\u00a0<\/p>\n[\/vc_column_text][\/vc_column][\/vc_row]\n","protected":false},"excerpt":{"rendered":"<p>[vc_row][vc_column][vc_column_text] Youtube \u00a0\u00a0\u00a0\u00a0\u00a0\u00a0\u00a0\u00a0\u00a0\u00a0Contact\u00a0\u00a0\u00a0\u00a0\u00a0\u00a0\u00a0\u00a0\u00a0\u00a0 Pierre Risch\u00a0\u00a0\u00a0\u00a0\u00a0\u00a0\u00a0\u00a0\u00a0\u00a0 Panier\u00a0\u00a0\u00a0\u00a0\u00a0\u00a0\u00a0\u00a0\u00a0\u00a0 Hello\u00a0\u00a0\u00a0\u00a0\u00a0\u00a0\u00a0\u00a0\u00a0\u00a0\u00a0\u00a0\u00a0\u00a0\u00a0\u00a0 Pierre Risch is a painter and sculptor with a singular approach. This devil of man knows how to do everything, by himself he is an encyclopedia of the Arts of the hand .\u00a0 Virtuoso of watercolour, he is also the master of pastel. For more than half a &hellip; <\/p>\n<p class=\"link-more\"><a href=\"https:\/\/pierre-risch.com\/index.php\/pierre-risch\/\" class=\"more-link\">Continuer la lecture<span class=\"screen-reader-text\"> de &laquo;&nbsp;Pierre Risch&nbsp;&raquo;<\/span><\/a><\/p>\n","protected":false},"author":1,"featured_media":0,"parent":0,"menu_order":0,"comment_status":"closed","ping_status":"closed","template":"","meta":{"footnotes":""},"class_list":["post-2034","page","type-page","status-publish","hentry"],"_links":{"self":[{"href":"https:\/\/pierre-risch.com\/index.php\/wp-json\/wp\/v2\/pages\/2034","targetHints":{"allow":["GET"]}}],"collection":[{"href":"https:\/\/pierre-risch.com\/index.php\/wp-json\/wp\/v2\/pages"}],"about":[{"href":"https:\/\/pierre-risch.com\/index.php\/wp-json\/wp\/v2\/types\/page"}],"author":[{"embeddable":true,"href":"https:\/\/pierre-risch.com\/index.php\/wp-json\/wp\/v2\/users\/1"}],"replies":[{"embeddable":true,"href":"https:\/\/pierre-risch.com\/index.php\/wp-json\/wp\/v2\/comments?post=2034"}],"version-history":[{"count":7,"href":"https:\/\/pierre-risch.com\/index.php\/wp-json\/wp\/v2\/pages\/2034\/revisions"}],"predecessor-version":[{"id":2083,"href":"https:\/\/pierre-risch.com\/index.php\/wp-json\/wp\/v2\/pages\/2034\/revisions\/2083"}],"wp:attachment":[{"href":"https:\/\/pierre-risch.com\/index.php\/wp-json\/wp\/v2\/media?parent=2034"}],"curies":[{"name":"wp","href":"https:\/\/api.w.org\/{rel}","templated":true}]}}