{"id":1816,"date":"2024-01-15T15:56:27","date_gmt":"2024-01-15T14:56:27","guid":{"rendered":"https:\/\/pierre-risch.com\/?page_id=1816"},"modified":"2025-06-09T17:07:11","modified_gmt":"2025-06-09T15:07:11","slug":"test-page","status":"publish","type":"page","link":"https:\/\/pierre-risch.com\/","title":{"rendered":"HELLO"},"content":{"rendered":"[vc_row][vc_column][vc_column_text]\n<p><em><span style=\"color: #000080;\"><br \/>\n<a style=\"color: #000080;\" href=\"http:\/\/pierre-risch.com\/index.php\/youtube\/\">Youtube <\/a>\u00a0\u00a0\u00a0\u00a0\u00a0\u00a0\u00a0\u00a0\u00a0\u00a0<a style=\"color: #000080;\" href=\"http:\/\/pierre-risch.com\/index.php\/Contact\">Contact<\/a>\u00a0\u00a0\u00a0\u00a0\u00a0\u00a0\u00a0\u00a0\u00a0\u00a0 <a style=\"color: #000080;\" href=\"http:\/\/pierre-risch.com\/index.php\/pierre-risch\/ \">Pierre Risch<\/a>\u00a0\u00a0\u00a0\u00a0\u00a0\u00a0\u00a0\u00a0\u00a0\u00a0 <a style=\"color: #000080;\" href=\"http:\/\/pierre-risch.com\/index.php\/panier\">Panier<\/a>\u00a0\u00a0\u00a0\u00a0\u00a0\u00a0\u00a0\u00a0\u00a0\u00a0 <a style=\"color: #000080;\" href=\"http:\/\/pierre-risch.com\/\">Hello<\/a>\u00a0\u00a0\u00a0\u00a0\u00a0\u00a0\u00a0\u00a0\u00a0\u00a0<\/span><\/em><\/p>\n[\/vc_column_text][vc_column_text]\n<p><em><span style=\"color: #000080;\">Contactez moi: \u00a0\u00a0<a style=\"color: #000080;\" href=\"mailto:pierre@risch-passion.com\">pierre@risch-passion.com <\/a>\u2013 Contact:\u00a0 <a style=\"color: #000080;\" href=\"mailto:risch2611@gmail.com\">risch2611@gmail.com<\/a><\/span><\/em><\/p>\n[\/vc_column_text][vc_column_text]\n<h4><span style=\"color: #003366;\"><strong>Pierre Risch est un artiste peintre et sculpteur \u00e0 la d\u00e9marche singuli\u00e8re.<br \/>\nCe diable d\u2019homme sait tout faire, \u00e0 lui tout seul il est une encyclop\u00e9die des Arts de la main .\u00a0 <\/strong><\/span><\/h4>\n<h4><span style=\"color: #003366;\"><strong>Virtuose de l\u2019aquarelle, il est aussi le Ma\u00eetre du pastel. Pendant plus d&#8217;un demi-si\u00e8cle Pierre Risch a r\u00e9nov\u00e9, revivifi\u00e9, r\u00e9invent\u00e9 ces deux parents pauvres de l\u2019art en leur rendant leurs lettres de noblesse.\u00a0 <\/strong><\/span><\/h4>\n<h4><span style=\"color: #003366;\"><strong>Avec un \u00e9gal bonheur il pratique l\u2019art de la lithographe sur pierre, de la gravure et de la sculpture.<br \/>\nDans le domaine du design Pierre Risch collabore r\u00e9guli\u00e8rement avec de grandes maisons de luxe.\u00a0<\/strong><\/span><\/h4>\n<h4><span style=\"color: #003366;\"><strong>Avec gouaille, passion, tendresse, indignation, dr\u00f4lerie, il nous confie au fil de ses \u0153uvres le regard incisif et int\u00e9rieur d\u2019un artiste authentique<\/strong><\/span><\/h4>\n<h4><span style=\"color: #003366;\"><strong>Il est r\u00e9f\u00e9renc\u00e9 au B\u00e9n\u00e9zit , wikipedia et fait Chevalier des Arts et des Lettres.<\/strong><\/span><\/h4>\n<p>&#8212;&#8211;<strong><span style=\"color: #ff00ff;\">\u00a0 \u00a0<\/span><\/strong><\/p>\n<h2 style=\"font-size: 25px; text-align: center;\"><\/h2>\n[\/vc_column_text][\/vc_column][\/vc_row][vc_row][vc_column][vc_video link=&#8221;https:\/\/www.youtube.com\/watch?v=KZoBgXZ23rI&amp;list=PLTNck5tKgrV4I5vmgKaL9WHpbmdtr6QGj&amp;index=13&#8243; el_width=&#8221;70&#8243; align=&#8221;center&#8221;][vc_column_text]\n<blockquote>\n<h2><span style=\"color: #3366ff;\">\u00a0<\/span><\/h2>\n<\/blockquote>\n[\/vc_column_text][vc_video link=&#8221;https:\/\/www.youtube.com\/watch?v=6Fuf9TfoBC8&#8243; el_width=&#8221;70&#8243; align=&#8221;center&#8221;][vc_column_text]\n<blockquote>\n<h2><span style=\"color: #3366ff;\">\u00a0<\/span><\/h2>\n<\/blockquote>\n[\/vc_column_text][vc_video link=&#8221;https:\/\/www.youtube.com\/watch?v=sKpjJZ9KQZc&amp;list=PLTNck5tKgrV4I5vmgKaL9WHpbmdtr6QGj&amp;index=9&#8243; el_width=&#8221;70&#8243; align=&#8221;center&#8221;][vc_column_text]\n<blockquote>\n<h2><span style=\"color: #3366ff;\">\u00a0<\/span><\/h2>\n<\/blockquote>\n[\/vc_column_text][vc_video link=&#8221;https:\/\/www.youtube.com\/watch?v=CLlQZsQum9E&amp;ab_channel=artnjazz&#8221; el_width=&#8221;70&#8243; align=&#8221;center&#8221;][\/vc_column][\/vc_row][vc_row][vc_column][\/vc_column][\/vc_row][vc_row curly_padding=&#8221;content-padding-xl&#8221; css=&#8221;.vc_custom_1633688253837{margin-top: 0px !important;}&#8221;][vc_column css=&#8221;.vc_custom_1633688233517{margin-top: 0px !important;}&#8221;][vc_column_text]\n<h2 style=\"font-size: 25px; text-align: center;\">HELLO \ud83d\ude42<\/h2>\n[\/vc_column_text][vc_single_image image=&#8221;409&#8243; img_size=&#8221;medium&#8221;][vc_column_text]\n<blockquote>\n<h2><span style=\"color: #0000ff;\"><em>Dans le silence et la solitude de\u00a0 l&#8217;Atelier,<\/em><\/span><span style=\"color: #3366ff;\"><span style=\"color: #0000ff;\"><em> je n&#8217;entends plus que l&#8217;essentiel .<\/em><\/span><br \/>\n<\/span><\/h2>\n<\/blockquote>\n[\/vc_column_text][vc_column_text]\n<blockquote>\n<h2><span style=\"color: #3366ff;\">\u00a0<\/span><\/h2>\n<\/blockquote>\n[\/vc_column_text][vc_column_text]\n<blockquote>\n<h2><span style=\"color: #3366ff;\">\u00a0<\/span><\/h2>\n<\/blockquote>\n[\/vc_column_text][vc_column_text]\n<blockquote>\n<h2><span style=\"color: #3366ff;\">\u00a0<\/span><\/h2>\n<\/blockquote>\n[\/vc_column_text][vc_column_text]\n<blockquote>\n<h2><span style=\"color: #3366ff;\">\u00a0<\/span><\/h2>\n<\/blockquote>\n[\/vc_column_text][vc_column_text]\n<blockquote>\n<h2><span style=\"color: #3366ff;\">\u00a0<\/span><\/h2>\n<\/blockquote>\n[\/vc_column_text][vc_column_text]\n<blockquote>\n<h2><span style=\"color: #3366ff;\">\u00a0<\/span><\/h2>\n<\/blockquote>\n[\/vc_column_text][vc_column_text]\n<blockquote>\n<h2><span style=\"color: #3366ff;\">\u00a0<\/span><\/h2>\n<\/blockquote>\n[\/vc_column_text][vc_column_text]\n<h2><span style=\"color: #3366ff;\">\u00a0<\/span><\/h2>\n[\/vc_column_text][vc_column_text]\n<h2><span style=\"color: #3366ff;\">\u00a0<\/span><\/h2>\n[\/vc_column_text][vc_column_text]\n<h2><span style=\"color: #3366ff;\">\u00a0<\/span><\/h2>\n[\/vc_column_text][vc_column_text]\n<h2><span style=\"color: #3366ff;\">\u00a0<\/span><\/h2>\n[\/vc_column_text][vc_column_text]\n<h2><span style=\"color: #3366ff;\">\u00a0<\/span><\/h2>\n[\/vc_column_text][\/vc_column][\/vc_row][vc_row curly_padding=&#8221;content-padding-lg&#8221; css=&#8221;.vc_custom_1503604954255{padding-top: 0px !important;}&#8221;][vc_column width=&#8221;1\/2&#8243;][vc_empty_space height=&#8221;&#8221; el_class=&#8221;xtd-spacer&#8221;][\/vc_column][vc_column width=&#8221;1\/2&#8243;][\/vc_column][\/vc_row]\n","protected":false},"excerpt":{"rendered":"<p>[vc_row][vc_column][vc_column_text] Youtube \u00a0\u00a0\u00a0\u00a0\u00a0\u00a0\u00a0\u00a0\u00a0\u00a0Contact\u00a0\u00a0\u00a0\u00a0\u00a0\u00a0\u00a0\u00a0\u00a0\u00a0 Pierre Risch\u00a0\u00a0\u00a0\u00a0\u00a0\u00a0\u00a0\u00a0\u00a0\u00a0 Panier\u00a0\u00a0\u00a0\u00a0\u00a0\u00a0\u00a0\u00a0\u00a0\u00a0 Hello\u00a0\u00a0\u00a0\u00a0\u00a0\u00a0\u00a0\u00a0\u00a0\u00a0 [\/vc_column_text][vc_column_text] Contactez moi: \u00a0\u00a0pierre@risch-passion.com \u2013 Contact:\u00a0 risch2611@gmail.com [\/vc_column_text][vc_column_text] Pierre Risch est un artiste peintre et sculpteur \u00e0 la d\u00e9marche singuli\u00e8re. Ce diable d\u2019homme sait tout faire, \u00e0 lui tout seul il est une encyclop\u00e9die des Arts de la main .\u00a0 Virtuose de l\u2019aquarelle, il est aussi le Ma\u00eetre &hellip; <\/p>\n<p class=\"link-more\"><a href=\"https:\/\/pierre-risch.com\/\" class=\"more-link\">Continuer la lecture<span class=\"screen-reader-text\"> de &laquo;&nbsp;HELLO&nbsp;&raquo;<\/span><\/a><\/p>\n","protected":false},"author":1,"featured_media":0,"parent":0,"menu_order":0,"comment_status":"closed","ping_status":"closed","template":"","meta":{"footnotes":""},"class_list":["post-1816","page","type-page","status-publish","hentry"],"_links":{"self":[{"href":"https:\/\/pierre-risch.com\/index.php\/wp-json\/wp\/v2\/pages\/1816","targetHints":{"allow":["GET"]}}],"collection":[{"href":"https:\/\/pierre-risch.com\/index.php\/wp-json\/wp\/v2\/pages"}],"about":[{"href":"https:\/\/pierre-risch.com\/index.php\/wp-json\/wp\/v2\/types\/page"}],"author":[{"embeddable":true,"href":"https:\/\/pierre-risch.com\/index.php\/wp-json\/wp\/v2\/users\/1"}],"replies":[{"embeddable":true,"href":"https:\/\/pierre-risch.com\/index.php\/wp-json\/wp\/v2\/comments?post=1816"}],"version-history":[{"count":101,"href":"https:\/\/pierre-risch.com\/index.php\/wp-json\/wp\/v2\/pages\/1816\/revisions"}],"predecessor-version":[{"id":2080,"href":"https:\/\/pierre-risch.com\/index.php\/wp-json\/wp\/v2\/pages\/1816\/revisions\/2080"}],"wp:attachment":[{"href":"https:\/\/pierre-risch.com\/index.php\/wp-json\/wp\/v2\/media?parent=1816"}],"curies":[{"name":"wp","href":"https:\/\/api.w.org\/{rel}","templated":true}]}}